{"id":2810,"date":"2020-10-26T16:06:59","date_gmt":"2020-10-26T15:06:59","guid":{"rendered":"http:\/\/dermoscent.my\/log-in\/"},"modified":"2024-10-01T08:38:50","modified_gmt":"2024-10-01T06:38:50","slug":"login","status":"publish","type":"page","link":"https:\/\/www.dermoscent.com\/accueil\/login\/","title":{"rendered":"Se connecter"},"content":{"rendered":"\t\t<div data-elementor-type=\"wp-page\" data-elementor-id=\"2810\" class=\"elementor elementor-2810\" data-elementor-post-type=\"page\">\n\t\t\t\t\t\t<section class=\"has_eae_slider elementor-section elementor-top-section elementor-element elementor-element-7bc4accf elementor-section-full_width elementor-section-height-min-height elementor-section-height-default elementor-section-items-middle\" data-id=\"7bc4accf\" data-element_type=\"section\" data-settings=\"{&quot;background_background&quot;:&quot;classic&quot;}\">\n\t\t\t\t\t\t<div class=\"elementor-container elementor-column-gap-default\">\n\t\t\t\t\t<div class=\"has_eae_slider elementor-column elementor-col-100 elementor-top-column elementor-element elementor-element-9341550\" data-id=\"9341550\" data-element_type=\"column\">\n\t\t\t<div class=\"elementor-widget-wrap\">\n\t\t\t\t\t\t\t<\/div>\n\t\t<\/div>\n\t\t\t\t\t<\/div>\n\t\t<\/section>\n\t\t\t\t<section class=\"has_eae_slider elementor-section elementor-top-section elementor-element elementor-element-33050088 elementor-section-boxed elementor-section-height-default elementor-section-height-default\" data-id=\"33050088\" data-element_type=\"section\">\n\t\t\t\t\t\t<div class=\"elementor-container elementor-column-gap-default\">\n\t\t\t\t\t<div class=\"has_eae_slider elementor-column elementor-col-100 elementor-top-column elementor-element elementor-element-43829410\" data-id=\"43829410\" data-element_type=\"column\">\n\t\t\t<div class=\"elementor-widget-wrap elementor-element-populated\">\n\t\t\t\t\t\t<div class=\"elementor-element elementor-element-378fb85b elementor-widget elementor-widget-heading\" data-id=\"378fb85b\" data-element_type=\"widget\" data-widget_type=\"heading.default\">\n\t\t\t\t<div class=\"elementor-widget-container\">\n\t\t\t\t\t<h1 class=\"elementor-heading-title elementor-size-default\">Se connecter<\/h1>\t\t\t\t<\/div>\n\t\t\t\t<\/div>\n\t\t\t\t<section class=\"has_eae_slider elementor-section elementor-inner-section elementor-element elementor-element-069d8ad elementor-section-boxed elementor-section-height-default elementor-section-height-default\" data-id=\"069d8ad\" data-element_type=\"section\">\n\t\t\t\t\t\t<div class=\"elementor-container elementor-column-gap-default\">\n\t\t\t\t\t<div class=\"has_eae_slider elementor-column elementor-col-50 elementor-inner-column elementor-element elementor-element-92e1016\" data-id=\"92e1016\" data-element_type=\"column\">\n\t\t\t<div class=\"elementor-widget-wrap elementor-element-populated\">\n\t\t\t\t\t\t<div class=\"elementor-element elementor-element-d04a6bb elementor-widget elementor-widget-heading\" data-id=\"d04a6bb\" data-element_type=\"widget\" data-widget_type=\"heading.default\">\n\t\t\t\t<div class=\"elementor-widget-container\">\n\t\t\t\t\t<h2 class=\"elementor-heading-title elementor-size-default\">D\u00e9j\u00e0 membre ?<\/h2>\t\t\t\t<\/div>\n\t\t\t\t<\/div>\n\t\t\t\t<div class=\"elementor-element elementor-element-72b4a12 elementor-widget elementor-widget-shortcode\" data-id=\"72b4a12\" data-element_type=\"widget\" data-widget_type=\"shortcode.default\">\n\t\t\t\t<div class=\"elementor-widget-container\">\n\t\t\t\t\t\t\t<div class=\"elementor-shortcode\"><div id=\"wppb-login-wrap\" class=\"wppb-user-forms\">\r\n\t\t<form name=\"wppb-loginform\" id=\"wppb-loginform\" action=\"https:\/\/www.dermoscent.com\/accueil\/wp-json\/wp\/v2\/pages\/2810\" method=\"post\">\r\n\t\t\t\r\n\t\t\t<p class=\"login-username\">\r\n\t\t\t\t<label for=\"user_login\">Adresse de messagerie<\/label>\r\n\t\t\t\t<input type=\"text\" name=\"log\" id=\"user_login\" class=\"input\" value=\"\" size=\"20\" \/>\r\n\t\t\t<\/p>\r\n\t\t\t<p class=\"login-password\">\r\n\t\t\t\t<label for=\"user_pass\">Mot de passe<\/label>\r\n\t\t\t\t<input type=\"password\" name=\"pwd\" id=\"user_pass\" class=\"input\" value=\"\" size=\"20\" \/>\r\n\t\t\t<\/p>\r\n\t\t\t\r\n\t\t\t<p class=\"login-remember\"><input name=\"rememberme\" type=\"checkbox\" id=\"rememberme\" value=\"forever\" \/><label for=\"rememberme\">Se souvenir de moi<\/label><\/p>\r\n\t\t\t<p class=\"login-submit\">\r\n\t\t\t\t<input type=\"submit\" name=\"wp-submit\" id=\"wppb-submit\" class=\"button button-primary\" value=\"Connexion\" \/>\r\n\t\t\t\t<input type=\"hidden\" name=\"redirect_to\" value=\"\/accueil\/espace-veterinaire\/\" \/>\r\n\t\t\t<\/p>\r\n\t\t\t<input type=\"hidden\" name=\"wppb_login\" value=\"true\"\/>\r\n\t\t\t<input type=\"hidden\" name=\"wppb_form_location\" value=\"widget\"\/>\r\n\t\t\t<input type=\"hidden\" name=\"wppb_request_url\" value=\"https:\/\/www.dermoscent.com\/accueil\/wp-json\/wp\/v2\/pages\/2810\"\/>\r\n\t\t\t<input type=\"hidden\" name=\"wppb_lostpassword_url\" value=\"\"\/>\r\n\t\t\t<input type=\"hidden\" name=\"wppb_redirect_priority\" value=\"normal\"\/>\r\n\t\t\t<input type=\"hidden\" name=\"wppb_referer_url\" value=\"\"\/>\r\n\t\t\t<input type=\"hidden\" id=\"CSRFToken-wppb\" name=\"CSRFToken-wppb\" value=\"2c7dec3834\" \/><input type=\"hidden\" name=\"_wp_http_referer\" value=\"\/accueil\/wp-json\/wp\/v2\/pages\/2810\" \/>\r\n\t\t\t<input type=\"hidden\" name=\"wppb_redirect_check\" value=\"true\"\/>\r\n\t\t\t\r\n\t\t<\/form><\/div><\/div>\n\t\t\t\t\t\t<\/div>\n\t\t\t\t<\/div>\n\t\t\t\t<div class=\"elementor-element elementor-element-e95921d lost-mdp elementor-widget elementor-widget-text-editor\" data-id=\"e95921d\" data-element_type=\"widget\" data-widget_type=\"text-editor.default\">\n\t\t\t\t<div class=\"elementor-widget-container\">\n\t\t\t\t\t\t\t\t\t<p><a title=\"Mot de passe perdu ?\" href=\"\/accueil\/mot-de-passe-oublie\/\">Vous avez oubli\u00e9 votre mot de passe ?<\/a><\/p>\t\t\t\t\t\t\t\t<\/div>\n\t\t\t\t<\/div>\n\t\t\t\t\t<\/div>\n\t\t<\/div>\n\t\t\t\t<div class=\"has_eae_slider elementor-column elementor-col-50 elementor-inner-column elementor-element elementor-element-2a121f7\" data-id=\"2a121f7\" data-element_type=\"column\">\n\t\t\t<div class=\"elementor-widget-wrap elementor-element-populated\">\n\t\t\t\t\t\t<div class=\"elementor-element elementor-element-618df2a elementor-widget elementor-widget-heading\" data-id=\"618df2a\" data-element_type=\"widget\" data-widget_type=\"heading.default\">\n\t\t\t\t<div class=\"elementor-widget-container\">\n\t\t\t\t\t<h2 class=\"elementor-heading-title elementor-size-default\">Nouveau membre ?<\/h2>\t\t\t\t<\/div>\n\t\t\t\t<\/div>\n\t\t\t\t<div class=\"elementor-element elementor-element-84c3f16 elementor-widget elementor-widget-button\" data-id=\"84c3f16\" data-element_type=\"widget\" data-widget_type=\"button.default\">\n\t\t\t\t<div class=\"elementor-widget-container\">\n\t\t\t\t\t\t\t\t\t<div class=\"elementor-button-wrapper\">\n\t\t\t\t\t<a class=\"elementor-button elementor-button-link elementor-size-sm\" href=\"\/accueil\/inscription\/\">\n\t\t\t\t\t\t<span class=\"elementor-button-content-wrapper\">\n\t\t\t\t\t\t\t\t\t<span class=\"elementor-button-text\">Cr\u00e9er votre espace<\/span>\n\t\t\t\t\t<\/span>\n\t\t\t\t\t<\/a>\n\t\t\t\t<\/div>\n\t\t\t\t\t\t\t\t<\/div>\n\t\t\t\t<\/div>\n\t\t\t\t\t<\/div>\n\t\t<\/div>\n\t\t\t\t\t<\/div>\n\t\t<\/section>\n\t\t\t\t\t<\/div>\n\t\t<\/div>\n\t\t\t\t\t<\/div>\n\t\t<\/section>\n\t\t\t\t<\/div>\n\t\t","protected":false},"excerpt":{"rendered":"<p>Se connecter D\u00e9j\u00e0 membre ? Vous avez oubli\u00e9 votre mot de passe ? Nouveau membre ? Cr\u00e9er votre espace<\/p>\n","protected":false},"author":14,"featured_media":0,"parent":0,"menu_order":0,"comment_status":"closed","ping_status":"closed","template":"","meta":{"inline_featured_image":false,"footnotes":""},"class_list":["post-2810","page","type-page","status-publish","hentry","entry"],"yoast_head":"<!-- This site is optimized with the Yoast SEO plugin v24.1 - https:\/\/yoast.com\/wordpress\/plugins\/seo\/ -->\n<title>Login | Laboratoire Dermo-Cosm\u00e9tique Animale Dermoscent<\/title>\n<meta name=\"description\" content=\"Faire la peau aux probl\u00e8mes cutan\u00e9s, c&#039;est notre m\u00e9tier chez Dermoscent \u27a4 Le meilleur des plantes pour votre Chien, Chat, Cheval &amp; NAC.\" \/>\n<meta name=\"robots\" content=\"index, follow, max-snippet:-1, max-image-preview:large, max-video-preview:-1\" \/>\n<link rel=\"canonical\" href=\"https:\/\/www.dermoscent.com\/accueil\/login\/\" \/>\n<meta property=\"og:locale\" content=\"fr_FR\" \/>\n<meta property=\"og:type\" content=\"article\" \/>\n<meta property=\"og:title\" content=\"Login | Laboratoire Dermo-Cosm\u00e9tique Animale Dermoscent\" \/>\n<meta property=\"og:description\" content=\"Faire la peau aux probl\u00e8mes cutan\u00e9s, c&#039;est notre m\u00e9tier chez Dermoscent \u27a4 Le meilleur des plantes pour votre Chien, Chat, Cheval &amp; NAC.\" \/>\n<meta property=\"og:url\" content=\"https:\/\/www.dermoscent.com\/accueil\/login\/\" \/>\n<meta property=\"og:site_name\" content=\"DERMOSCENT, soins pour chien, chat, cheval et petits mammif\u00e8res aux actifs naturels\" \/>\n<meta property=\"article:publisher\" content=\"https:\/\/www.facebook.com\/DermoscentOFFICIAL\" \/>\n<meta property=\"article:modified_time\" content=\"2024-10-01T06:38:50+00:00\" \/>\n<meta name=\"twitter:card\" content=\"summary_large_image\" \/>\n<meta name=\"twitter:label1\" content=\"Dur\u00e9e de lecture estim\u00e9e\" \/>\n\t<meta name=\"twitter:data1\" content=\"1 minute\" \/>\n<script type=\"application\/ld+json\" class=\"yoast-schema-graph\">{\"@context\":\"https:\/\/schema.org\",\"@graph\":[{\"@type\":\"WebPage\",\"@id\":\"https:\/\/www.dermoscent.com\/accueil\/login\/\",\"url\":\"https:\/\/www.dermoscent.com\/accueil\/login\/\",\"name\":\"Login | Laboratoire Dermo-Cosm\u00e9tique Animale Dermoscent\",\"isPartOf\":{\"@id\":\"https:\/\/www.dermoscent.com\/accueil\/#website\"},\"datePublished\":\"2020-10-26T15:06:59+00:00\",\"dateModified\":\"2024-10-01T06:38:50+00:00\",\"description\":\"Faire la peau aux probl\u00e8mes cutan\u00e9s, c'est notre m\u00e9tier chez Dermoscent \u27a4 Le meilleur des plantes pour votre Chien, Chat, Cheval & NAC.\",\"breadcrumb\":{\"@id\":\"https:\/\/www.dermoscent.com\/accueil\/login\/#breadcrumb\"},\"inLanguage\":\"fr-FR\",\"potentialAction\":[{\"@type\":\"ReadAction\",\"target\":[\"https:\/\/www.dermoscent.com\/accueil\/login\/\"]}]},{\"@type\":\"BreadcrumbList\",\"@id\":\"https:\/\/www.dermoscent.com\/accueil\/login\/#breadcrumb\",\"itemListElement\":[{\"@type\":\"ListItem\",\"position\":1,\"name\":\"Accueil\",\"item\":\"https:\/\/www.dermoscent.com\/accueil\/\"},{\"@type\":\"ListItem\",\"position\":2,\"name\":\"Se connecter\"}]},{\"@type\":\"WebSite\",\"@id\":\"https:\/\/www.dermoscent.com\/accueil\/#website\",\"url\":\"https:\/\/www.dermoscent.com\/accueil\/\",\"name\":\"DERMOSCENT, soins pour chien, chat, cheval et petits mammif\u00e8res aux actifs naturels\",\"description\":\"DERMOSCENT, une gamme compl\u00e8te et innovante de produits d\u2019hygi\u00e8ne et de soin pour chien, chat, cheval et petits mammif\u00e8res (lapin, furet, cobaye...) aux actifs 100% naturels, conseill\u00e9s par les v\u00e9t\u00e9rinaires\",\"publisher\":{\"@id\":\"https:\/\/www.dermoscent.com\/accueil\/#organization\"},\"potentialAction\":[{\"@type\":\"SearchAction\",\"target\":{\"@type\":\"EntryPoint\",\"urlTemplate\":\"https:\/\/www.dermoscent.com\/accueil\/?s={search_term_string}\"},\"query-input\":{\"@type\":\"PropertyValueSpecification\",\"valueRequired\":true,\"valueName\":\"search_term_string\"}}],\"inLanguage\":\"fr-FR\"},{\"@type\":\"Organization\",\"@id\":\"https:\/\/www.dermoscent.com\/accueil\/#organization\",\"name\":\"Dermoscent\",\"url\":\"https:\/\/www.dermoscent.com\/accueil\/\",\"logo\":{\"@type\":\"ImageObject\",\"inLanguage\":\"fr-FR\",\"@id\":\"https:\/\/www.dermoscent.com\/accueil\/#\/schema\/logo\/image\/\",\"url\":\"https:\/\/www.dermoscent.com\/accueil\/wp-content\/uploads\/2020\/07\/logo-dermoscent.svg\",\"contentUrl\":\"https:\/\/www.dermoscent.com\/accueil\/wp-content\/uploads\/2020\/07\/logo-dermoscent.svg\",\"width\":1,\"height\":1,\"caption\":\"Dermoscent\"},\"image\":{\"@id\":\"https:\/\/www.dermoscent.com\/accueil\/#\/schema\/logo\/image\/\"},\"sameAs\":[\"https:\/\/www.facebook.com\/DermoscentOFFICIAL\"]}]}<\/script>\n<!-- \/ Yoast SEO plugin. -->","yoast_head_json":{"title":"Login | Laboratoire Dermo-Cosm\u00e9tique Animale Dermoscent","description":"Faire la peau aux probl\u00e8mes cutan\u00e9s, c'est notre m\u00e9tier chez Dermoscent \u27a4 Le meilleur des plantes pour votre Chien, Chat, Cheval & NAC.","robots":{"index":"index","follow":"follow","max-snippet":"max-snippet:-1","max-image-preview":"max-image-preview:large","max-video-preview":"max-video-preview:-1"},"canonical":"https:\/\/www.dermoscent.com\/accueil\/login\/","og_locale":"fr_FR","og_type":"article","og_title":"Login | Laboratoire Dermo-Cosm\u00e9tique Animale Dermoscent","og_description":"Faire la peau aux probl\u00e8mes cutan\u00e9s, c'est notre m\u00e9tier chez Dermoscent \u27a4 Le meilleur des plantes pour votre Chien, Chat, Cheval & NAC.","og_url":"https:\/\/www.dermoscent.com\/accueil\/login\/","og_site_name":"DERMOSCENT, soins pour chien, chat, cheval et petits mammif\u00e8res aux actifs naturels","article_publisher":"https:\/\/www.facebook.com\/DermoscentOFFICIAL","article_modified_time":"2024-10-01T06:38:50+00:00","twitter_card":"summary_large_image","twitter_misc":{"Dur\u00e9e de lecture estim\u00e9e":"1 minute"},"schema":{"@context":"https:\/\/schema.org","@graph":[{"@type":"WebPage","@id":"https:\/\/www.dermoscent.com\/accueil\/login\/","url":"https:\/\/www.dermoscent.com\/accueil\/login\/","name":"Login | Laboratoire Dermo-Cosm\u00e9tique Animale Dermoscent","isPartOf":{"@id":"https:\/\/www.dermoscent.com\/accueil\/#website"},"datePublished":"2020-10-26T15:06:59+00:00","dateModified":"2024-10-01T06:38:50+00:00","description":"Faire la peau aux probl\u00e8mes cutan\u00e9s, c'est notre m\u00e9tier chez Dermoscent \u27a4 Le meilleur des plantes pour votre Chien, Chat, Cheval & NAC.","breadcrumb":{"@id":"https:\/\/www.dermoscent.com\/accueil\/login\/#breadcrumb"},"inLanguage":"fr-FR","potentialAction":[{"@type":"ReadAction","target":["https:\/\/www.dermoscent.com\/accueil\/login\/"]}]},{"@type":"BreadcrumbList","@id":"https:\/\/www.dermoscent.com\/accueil\/login\/#breadcrumb","itemListElement":[{"@type":"ListItem","position":1,"name":"Accueil","item":"https:\/\/www.dermoscent.com\/accueil\/"},{"@type":"ListItem","position":2,"name":"Se connecter"}]},{"@type":"WebSite","@id":"https:\/\/www.dermoscent.com\/accueil\/#website","url":"https:\/\/www.dermoscent.com\/accueil\/","name":"DERMOSCENT, soins pour chien, chat, cheval et petits mammif\u00e8res aux actifs naturels","description":"DERMOSCENT, une gamme compl\u00e8te et innovante de produits d\u2019hygi\u00e8ne et de soin pour chien, chat, cheval et petits mammif\u00e8res (lapin, furet, cobaye...) aux actifs 100% naturels, conseill\u00e9s par les v\u00e9t\u00e9rinaires","publisher":{"@id":"https:\/\/www.dermoscent.com\/accueil\/#organization"},"potentialAction":[{"@type":"SearchAction","target":{"@type":"EntryPoint","urlTemplate":"https:\/\/www.dermoscent.com\/accueil\/?s={search_term_string}"},"query-input":{"@type":"PropertyValueSpecification","valueRequired":true,"valueName":"search_term_string"}}],"inLanguage":"fr-FR"},{"@type":"Organization","@id":"https:\/\/www.dermoscent.com\/accueil\/#organization","name":"Dermoscent","url":"https:\/\/www.dermoscent.com\/accueil\/","logo":{"@type":"ImageObject","inLanguage":"fr-FR","@id":"https:\/\/www.dermoscent.com\/accueil\/#\/schema\/logo\/image\/","url":"https:\/\/www.dermoscent.com\/accueil\/wp-content\/uploads\/2020\/07\/logo-dermoscent.svg","contentUrl":"https:\/\/www.dermoscent.com\/accueil\/wp-content\/uploads\/2020\/07\/logo-dermoscent.svg","width":1,"height":1,"caption":"Dermoscent"},"image":{"@id":"https:\/\/www.dermoscent.com\/accueil\/#\/schema\/logo\/image\/"},"sameAs":["https:\/\/www.facebook.com\/DermoscentOFFICIAL"]}]}},"_links":{"self":[{"href":"https:\/\/www.dermoscent.com\/accueil\/wp-json\/wp\/v2\/pages\/2810"}],"collection":[{"href":"https:\/\/www.dermoscent.com\/accueil\/wp-json\/wp\/v2\/pages"}],"about":[{"href":"https:\/\/www.dermoscent.com\/accueil\/wp-json\/wp\/v2\/types\/page"}],"author":[{"embeddable":true,"href":"https:\/\/www.dermoscent.com\/accueil\/wp-json\/wp\/v2\/users\/14"}],"replies":[{"embeddable":true,"href":"https:\/\/www.dermoscent.com\/accueil\/wp-json\/wp\/v2\/comments?post=2810"}],"version-history":[{"count":56,"href":"https:\/\/www.dermoscent.com\/accueil\/wp-json\/wp\/v2\/pages\/2810\/revisions"}],"predecessor-version":[{"id":33739,"href":"https:\/\/www.dermoscent.com\/accueil\/wp-json\/wp\/v2\/pages\/2810\/revisions\/33739"}],"wp:attachment":[{"href":"https:\/\/www.dermoscent.com\/accueil\/wp-json\/wp\/v2\/media?parent=2810"}],"curies":[{"name":"wp","href":"https:\/\/api.w.org\/{rel}","templated":true}]}}