{"id":9399,"date":"2021-10-07T10:09:08","date_gmt":"2021-10-07T08:09:08","guid":{"rendered":"https:\/\/www.dermoscent.com\/accueil\/inscription-test\/"},"modified":"2024-10-09T15:43:36","modified_gmt":"2024-10-09T13:43:36","slug":"inscription","status":"publish","type":"page","link":"https:\/\/www.dermoscent.com\/accueil\/en\/inscription\/","title":{"rendered":"Inscription"},"content":{"rendered":"\t\t<div data-elementor-type=\"wp-page\" data-elementor-id=\"9399\" class=\"elementor elementor-9399 elementor-9025\" data-elementor-post-type=\"page\">\n\t\t\t\t\t\t<section class=\"has_eae_slider elementor-section elementor-top-section elementor-element elementor-element-774c69e elementor-section-full_width elementor-section-height-min-height elementor-section-height-default elementor-section-items-middle\" data-id=\"774c69e\" data-element_type=\"section\" data-settings=\"{&quot;background_background&quot;:&quot;classic&quot;}\">\n\t\t\t\t\t\t<div class=\"elementor-container elementor-column-gap-default\">\n\t\t\t\t\t<div class=\"has_eae_slider elementor-column elementor-col-100 elementor-top-column elementor-element elementor-element-59861bbd\" data-id=\"59861bbd\" data-element_type=\"column\">\n\t\t\t<div class=\"elementor-widget-wrap\">\n\t\t\t\t\t\t\t<\/div>\n\t\t<\/div>\n\t\t\t\t\t<\/div>\n\t\t<\/section>\n\t\t\t\t<section class=\"has_eae_slider elementor-section elementor-top-section elementor-element elementor-element-12381027 inscription_colonne elementor-section-boxed elementor-section-height-default elementor-section-height-default\" data-id=\"12381027\" data-element_type=\"section\">\n\t\t\t\t\t\t<div class=\"elementor-container elementor-column-gap-default\">\n\t\t\t\t\t<div class=\"has_eae_slider elementor-column elementor-col-100 elementor-top-column elementor-element elementor-element-6d00ddd2\" data-id=\"6d00ddd2\" data-element_type=\"column\">\n\t\t\t<div class=\"elementor-widget-wrap elementor-element-populated\">\n\t\t\t\t\t\t<div class=\"elementor-element elementor-element-26501a12 elementor-widget elementor-widget-heading\" data-id=\"26501a12\" data-element_type=\"widget\" data-widget_type=\"heading.default\">\n\t\t\t\t<div class=\"elementor-widget-container\">\n\t\t\t\t\t<h1 class=\"elementor-heading-title elementor-size-default\"> Registration to the veterinary corner<\/h1>\t\t\t\t<\/div>\n\t\t\t\t<\/div>\n\t\t\t\t<div class=\"elementor-element elementor-element-dcd6d04 elementor-widget elementor-widget-text-editor\" data-id=\"dcd6d04\" data-element_type=\"widget\" data-widget_type=\"text-editor.default\">\n\t\t\t\t<div class=\"elementor-widget-container\">\n\t\t\t\t\t\t\t\t\t<p>Veterinarians and veterinary nurses, Dermoscent<sup>\u00ae<\/sup> gives you several technical and useful information developed by specialists.<\/p>\n\t\t\t\t\t\t\t\t<\/div>\n\t\t\t\t<\/div>\n\t\t\t\t<div class=\"elementor-element elementor-element-ccfc814 elementor-widget elementor-widget-text-editor\" data-id=\"ccfc814\" data-element_type=\"widget\" data-widget_type=\"text-editor.default\">\n\t\t\t\t<div class=\"elementor-widget-container\">\n\t\t\t\t\t\t\t\t\t<p> These data (clinical studies and cases, product sheets, webconference\u2026) are frequently updated. <\/p>\n<p> This area is secured and entirely dedicated to veterinary professionals. <\/p>\n\t\t\t\t\t\t\t\t<\/div>\n\t\t\t\t<\/div>\n\t\t\t\t<div class=\"elementor-element elementor-element-c660b09 elementor-widget elementor-widget-shortcode\" data-id=\"c660b09\" data-element_type=\"widget\" data-widget_type=\"shortcode.default\">\n\t\t\t\t<div class=\"elementor-widget-container\">\n\t\t\t\t\t\t\t<div class=\"elementor-shortcode\">        <form enctype=\"multipart\/form-data\" method=\"post\" id=\"wppb-register-user\" class=\"wppb-user-forms wppb-register-user wppb-user-logged-out\" action=\"https:\/\/www.dermoscent.com\/accueil\/en\/wp-json\/wp\/v2\/pages\/9399\">\r\n\t\t\t<ul><li class=\"wppb-form-field wppb-default-last-name\" id=\"wppb-form-element-4\">\r\n\t\t\t<label for=\"last_name\">Last name<span class=\"wppb-required\" title=\"This field is required\">*<\/span><\/label>\r\n\t\t\t<input class=\"text-input default_field_lastname \" name=\"last_name\" maxlength=\"70\" type=\"text\" id=\"last_name\" value=\"\"  required \/><\/li><li class=\"wppb-form-field wppb-input\" id=\"wppb-form-element-18\">\r\n\t\t\t\t<label for=\"custom_clinique\">Name of your clinic<span class=\"wppb-required\" title=\"This field is required\">*<\/span><\/label>\r\n\t\t\t\t<input class=\"extra_field_input \" name=\"custom_clinique\" maxlength=\"250\" type=\"text\" id=\"custom_clinique\" value=\"\"  required \/><\/li><li class=\"wppb-form-field wppb-default-first-name\" id=\"wppb-form-element-3\">\r\n\t\t\t<label for=\"first_name\">First name<span class=\"wppb-required\" title=\"This field is required\">*<\/span><\/label>\r\n\t\t\t<input class=\"text-input default_field_firstname \" name=\"first_name\" maxlength=\"70\" type=\"text\" id=\"first_name\" value=\"\"  required  \/><\/li><li class=\"wppb-form-field wppb-input\" id=\"wppb-form-element-20\">\r\n\t\t\t\t<label for=\"custom_adress\">Address of your clinic<span class=\"wppb-required\" title=\"This field is required\">*<\/span><\/label>\r\n\t\t\t\t<input class=\"extra_field_input \" name=\"custom_adress\" maxlength=\"250\" type=\"text\" id=\"custom_adress\" value=\"\"  required \/><\/li><li class=\"wppb-form-field wppb-input\" id=\"wppb-form-element-21\">\r\n\t\t\t\t<label for=\"custom_codepostal\">Postal Code<span class=\"wppb-required\" title=\"This field is required\">*<\/span><\/label>\r\n\t\t\t\t<input class=\"extra_field_input \" name=\"custom_codepostal\" maxlength=\"250\" type=\"text\" id=\"custom_codepostal\" value=\"\"  required \/><\/li><li class=\"wppb-form-field wppb-input\" id=\"wppb-form-element-23\">\r\n\t\t\t\t<label for=\"custom_tel\">Phone number<span class=\"wppb-required\" title=\"This field is required\">*<\/span><\/label>\r\n\t\t\t\t<input class=\"extra_field_input \" name=\"custom_tel\" maxlength=\"250\" type=\"text\" id=\"custom_tel\" value=\"\"  required \/><\/li><li class=\"wppb-form-field wppb-input\" id=\"wppb-form-element-22\">\r\n\t\t\t\t<label for=\"custom_city\">City<span class=\"wppb-required\" title=\"This field is required\">*<\/span><\/label>\r\n\t\t\t\t<input class=\"extra_field_input \" name=\"custom_city\" maxlength=\"250\" type=\"text\" id=\"custom_city\" value=\"\"  required \/><\/li><li class=\"wppb-form-field wppb-default-e-mail\" id=\"wppb-form-element-8\">\r\n\t\t\t<label for=\"email\">Email address<span class=\"wppb-required\" title=\"This field is required\">*<\/span><\/label>\r\n\t\t\t<input class=\"text-input default_field_email \" name=\"email\" maxlength=\"70\" type=\"email\" id=\"email\" value=\"\"  required   \/><\/li><li class=\"wppb-form-field wppb-input\" id=\"wppb-form-element-31\">\r\n\t\t\t\t<label for=\"country_custom\">Country<span class=\"wppb-required\" title=\"This field is required\">*<\/span><\/label>\r\n\t\t\t\t<input class=\"extra_field_input \" name=\"country_custom\" maxlength=\"250\" type=\"text\" id=\"country_custom\" value=\"\"  required \/><\/li><li class=\"wppb-form-field wppb-default-password\" id=\"wppb-form-element-15\">\r\n\t\t\t<label for=\"passw1\">Password<span class=\"wppb-required\" title=\"This field is required\">*<\/span><\/label>\r\n\t\t\t<input class=\"text-input \" name=\"passw1\" maxlength=\"70\" type=\"password\" id=\"passw1\" value=\"\" autocomplete=\"off\"  required \/><span class=\"wppb-description-delimiter\">Enter your password  <\/span><\/li><li class=\"wppb-form-field wppb-select\" id=\"wppb-form-element-29\">\r\n\t\t\t\t<label for=\"custom_profession\">I am<\/label>\r\n\t\t\t\t<select name=\"custom_profession\" id=\"custom_profession\" class=\"custom_field_select\" ><option value=\"V\u00e9t\u00e9rinaire\" class=\"custom_field_select_option \" >veterinarian<\/option><option value=\"ASV\" class=\"custom_field_select_option \" >vet nurse<\/option><option value=\"Autres\" class=\"custom_field_select_option \" >others<\/option>\r\n\t\t\t\t<\/select><\/li><li class=\"wppb-form-field wppb-default-repeat-password\" id=\"wppb-form-element-16\">\r\n\t\t\t<label for=\"passw2\">Repeat your password<span class=\"wppb-required\" title=\"This field is required\">*<\/span><\/label>\r\n\t\t\t<input class=\"text-input \" name=\"passw2\" maxlength=\"70\" type=\"password\" id=\"passw2\" value=\"\" autocomplete=\"off\"  required \/><span class=\"wppb-description-delimiter\">Retype your password<\/span><\/li><li class=\"wppb-form-field wppb-input\" id=\"wppb-form-element-26\">\r\n\t\t\t\t<label for=\"custom_num_ordinal\">License number<\/label>\r\n\t\t\t\t<input class=\"extra_field_input \" name=\"custom_num_ordinal\" maxlength=\"250\" type=\"text\" id=\"custom_num_ordinal\" value=\"\" \/><\/li><li class=\"wppb-form-field wppb-checkbox\" id=\"wppb-form-element-27\">\r\n\t\t\t\t<label for=\"custom_pasdenum\">I don\u2019t have a license number<\/label><ul class=\"wppb-checkboxes\"><li class=\"wppb-hidden\"><input type=\"hidden\" value=\"\" name=\"custom_pasdenum\"><\/li><li><input value=\"I don\u2019t have a license number\" class=\"custom_field_checkbox\" name=\"custom_pasdenum[]\" id=\"i-don\u2019t-have-a-license-number_27\" type=\"checkbox\"   \/><label for=\"i-don\u2019t-have-a-license-number_27\" class=\"wppb-rc-value\">I don\u2019t have a license number<\/label><\/li><\/ul><\/li><li class=\"wppb-form-field wppb-default-display-name-publicly-as\" id=\"wppb-form-element-6\"><\/li><li class=\"wppb-form-field wppb-language\" id=\"wppb-form-element-30\"><!--\r\n\t\t\t\t<label for=\"custom_langue\">langue<\/label>-->\r\n\t\t\t\t<input class=\"extra_field_hidden_input\" name=\"custom_langue\" maxlength=\"70\" type=\"hidden\" id=\"custom_langue\" value=\"Fr\" \/>\r\n\t\t\t\t<!--<span class=\"wppb-description-delimiter\"><\/span>--><\/li><li class=\"wppb-form-field wppb-html\" id=\"wppb-form-element-28\">\r\n\t\t\t\t<label>Mentions<\/label>\r\n\t\t\t\t<span class=\"custom_field_html \" ><p>Pour toute interrogation relative aux donn\u00e9es\npersonnelles collect\u00e9es ci-dessus, veuillez vous r\u00e9f\u00e9rer\n\u00e0 l\u2019Article 8 de nos Conditions g\u00e9n\u00e9rales.<\/p>\n<p>* Champs obligatoires<\/p><\/span><\/li><\/ul><ul><input id=\"send_credentials_via_email\" type=\"hidden\" name=\"send_credentials_via_email\" value=\"sending\"\/><\/ul>\t\t\t<p class=\"form-submit\"  >\r\n\t\t\t\t                \t\t\t\t<input name=\"register\" type=\"submit\" id=\"register\" class=\"submit button\" value=\"Register\" \/>\r\n                <input name=\"redirect_to\" type=\"hidden\" value=\"\" \/>\r\n                \t\t\t\t<input name=\"action\" type=\"hidden\" id=\"action\" value=\"register\" \/>\r\n\t\t\t\t<input name=\"form_name\" type=\"hidden\" id=\"form_name\" value=\"unspecified\" \/>\r\n\t\t\t\t<input name=\"form_id\" type=\"hidden\" id=\"form_id\" value=\"\" \/>\r\n\t\t\t\t<input type=\"hidden\" name=\"wppb_referer_url\" value=\"\"\/>\t\t\t<\/p><!-- .form-submit -->\r\n\t\t\t<input type=\"hidden\" id=\"register_unspecified_nonce_field\" name=\"register_unspecified_nonce_field\" value=\"5a90a17e1f\" \/><input type=\"hidden\" name=\"_wp_http_referer\" value=\"\/accueil\/en\/wp-json\/wp\/v2\/pages\/9399\" \/>\t\t<\/form>\r\n\t\t<\/div>\n\t\t\t\t\t\t<\/div>\n\t\t\t\t<\/div>\n\t\t\t\t<div class=\"elementor-element elementor-element-da76f4e elementor-widget elementor-widget-html\" data-id=\"da76f4e\" data-element_type=\"widget\" data-widget_type=\"html.default\">\n\t\t\t\t<div class=\"elementor-widget-container\">\n\t\t\t\t\t<script>\r\n    window.onload=num_checked;\r\n    \r\n    \r\n     var inputclick = document.querySelector('#i-dont-have-an-ordinal-number_25');\r\n    \r\n    inputclick.addEventListener('click',num_checked);\r\n    \r\n    function num_checked(){\r\n    \r\n    if (inputclick.checked == true ){\r\n        document.getElementById('Numero-ordinal').value = \"---\";\r\n        document.getElementById('Numero-ordinal').style.color = \"white\";\r\n        \r\n    }\r\n    else if (inputclick.checked == false){\r\n         document.getElementById('Numero-ordinal').value = \"\";\r\n         document.getElementById('Numero-ordinal').style.color = \"black\";\r\n    }\r\n    }\r\n    \r\n<\/script>\t\t\t\t<\/div>\n\t\t\t\t<\/div>\n\t\t\t\t\t<\/div>\n\t\t<\/div>\n\t\t\t\t\t<\/div>\n\t\t<\/section>\n\t\t\t\t<\/div>\n\t\t","protected":false},"excerpt":{"rendered":"<p>Registration to the veterinary corner Veterinarians and veterinary nurses, Dermoscent\u00ae gives you several technical and useful information developed by specialists. These data (clinical studies and cases, product sheets, webconference\u2026) are frequently updated. This area is secured and entirely dedicated to veterinary professionals.<\/p>\n","protected":false},"author":14,"featured_media":0,"parent":0,"menu_order":0,"comment_status":"closed","ping_status":"closed","template":"","meta":{"inline_featured_image":false,"footnotes":""},"class_list":["post-9399","page","type-page","status-publish","hentry","entry"],"yoast_head":"<!-- This site is optimized with the Yoast SEO plugin v24.1 - https:\/\/yoast.com\/wordpress\/plugins\/seo\/ -->\n<title>Registration to the veterinary corner - DERMOSCENT\u00ae, skincare for dogs, cats, horses &amp; small mammals with natural ingredients<\/title>\n<meta name=\"robots\" content=\"index, follow, max-snippet:-1, max-image-preview:large, max-video-preview:-1\" \/>\n<link rel=\"canonical\" href=\"https:\/\/www.dermoscent.com\/accueil\/en\/inscription\/\" \/>\n<meta property=\"og:locale\" content=\"en_US\" \/>\n<meta property=\"og:type\" content=\"article\" \/>\n<meta property=\"og:title\" content=\"Registration to the veterinary corner - DERMOSCENT\u00ae, skincare for dogs, cats, horses &amp; small mammals with natural ingredients\" \/>\n<meta property=\"og:description\" content=\"Registration to the veterinary corner Veterinarians and veterinary nurses, Dermoscent\u00ae gives you several technical and useful information developed by specialists. These data (clinical studies and cases, product sheets, webconference\u2026) are frequently updated. This area is secured and entirely dedicated to veterinary professionals.\" \/>\n<meta property=\"og:url\" content=\"https:\/\/www.dermoscent.com\/accueil\/en\/inscription\/\" \/>\n<meta property=\"og:site_name\" content=\"DERMOSCENT, soins pour chien, chat, cheval et petits mammif\u00e8res aux actifs naturels\" \/>\n<meta property=\"article:publisher\" content=\"https:\/\/www.facebook.com\/DermoscentOFFICIAL\" \/>\n<meta property=\"article:modified_time\" content=\"2024-10-09T13:43:36+00:00\" \/>\n<meta name=\"twitter:card\" content=\"summary_large_image\" \/>\n<meta name=\"twitter:label1\" content=\"Est. reading time\" \/>\n\t<meta name=\"twitter:data1\" content=\"1 minute\" \/>\n<script type=\"application\/ld+json\" class=\"yoast-schema-graph\">{\"@context\":\"https:\/\/schema.org\",\"@graph\":[{\"@type\":\"WebPage\",\"@id\":\"https:\/\/www.dermoscent.com\/accueil\/en\/inscription\/\",\"url\":\"https:\/\/www.dermoscent.com\/accueil\/en\/inscription\/\",\"name\":\"Registration to the veterinary corner - DERMOSCENT\u00ae, skincare for dogs, cats, horses & small mammals with natural ingredients\",\"isPartOf\":{\"@id\":\"https:\/\/www.dermoscent.com\/accueil\/en\/#website\"},\"datePublished\":\"2021-10-07T08:09:08+00:00\",\"dateModified\":\"2024-10-09T13:43:36+00:00\",\"breadcrumb\":{\"@id\":\"https:\/\/www.dermoscent.com\/accueil\/en\/inscription\/#breadcrumb\"},\"inLanguage\":\"en-US\",\"potentialAction\":[{\"@type\":\"ReadAction\",\"target\":[\"https:\/\/www.dermoscent.com\/accueil\/en\/inscription\/\"]}]},{\"@type\":\"BreadcrumbList\",\"@id\":\"https:\/\/www.dermoscent.com\/accueil\/en\/inscription\/#breadcrumb\",\"itemListElement\":[{\"@type\":\"ListItem\",\"position\":1,\"name\":\"Accueil\",\"item\":\"https:\/\/www.dermoscent.com\/accueil\/en\/\"},{\"@type\":\"ListItem\",\"position\":2,\"name\":\"Inscription\"}]},{\"@type\":\"WebSite\",\"@id\":\"https:\/\/www.dermoscent.com\/accueil\/en\/#website\",\"url\":\"https:\/\/www.dermoscent.com\/accueil\/en\/\",\"name\":\"DERMOSCENT, soins pour chien, chat, cheval et petits mammif\u00e8res aux actifs naturels\",\"description\":\"DERMOSCENT, une gamme compl\u00e8te et innovante de produits d\u2019hygi\u00e8ne et de soin pour chien, chat, cheval et petits mammif\u00e8res (lapin, furet, cobaye...) aux actifs 100% naturels, conseill\u00e9s par les v\u00e9t\u00e9rinaires\",\"publisher\":{\"@id\":\"https:\/\/www.dermoscent.com\/accueil\/en\/#organization\"},\"potentialAction\":[{\"@type\":\"SearchAction\",\"target\":{\"@type\":\"EntryPoint\",\"urlTemplate\":\"https:\/\/www.dermoscent.com\/accueil\/en\/?s={search_term_string}\"},\"query-input\":{\"@type\":\"PropertyValueSpecification\",\"valueRequired\":true,\"valueName\":\"search_term_string\"}}],\"inLanguage\":\"en-US\"},{\"@type\":\"Organization\",\"@id\":\"https:\/\/www.dermoscent.com\/accueil\/en\/#organization\",\"name\":\"Dermoscent\",\"url\":\"https:\/\/www.dermoscent.com\/accueil\/en\/\",\"logo\":{\"@type\":\"ImageObject\",\"inLanguage\":\"en-US\",\"@id\":\"https:\/\/www.dermoscent.com\/accueil\/en\/#\/schema\/logo\/image\/\",\"url\":\"https:\/\/www.dermoscent.com\/accueil\/wp-content\/uploads\/2020\/07\/logo-dermoscent.svg\",\"contentUrl\":\"https:\/\/www.dermoscent.com\/accueil\/wp-content\/uploads\/2020\/07\/logo-dermoscent.svg\",\"width\":1,\"height\":1,\"caption\":\"Dermoscent\"},\"image\":{\"@id\":\"https:\/\/www.dermoscent.com\/accueil\/en\/#\/schema\/logo\/image\/\"},\"sameAs\":[\"https:\/\/www.facebook.com\/DermoscentOFFICIAL\"]}]}<\/script>\n<!-- \/ Yoast SEO plugin. -->","yoast_head_json":{"title":"Registration to the veterinary corner - DERMOSCENT\u00ae, skincare for dogs, cats, horses & small mammals with natural ingredients","robots":{"index":"index","follow":"follow","max-snippet":"max-snippet:-1","max-image-preview":"max-image-preview:large","max-video-preview":"max-video-preview:-1"},"canonical":"https:\/\/www.dermoscent.com\/accueil\/en\/inscription\/","og_locale":"en_US","og_type":"article","og_title":"Registration to the veterinary corner - DERMOSCENT\u00ae, skincare for dogs, cats, horses & small mammals with natural ingredients","og_description":"Registration to the veterinary corner Veterinarians and veterinary nurses, Dermoscent\u00ae gives you several technical and useful information developed by specialists. These data (clinical studies and cases, product sheets, webconference\u2026) are frequently updated. This area is secured and entirely dedicated to veterinary professionals.","og_url":"https:\/\/www.dermoscent.com\/accueil\/en\/inscription\/","og_site_name":"DERMOSCENT, soins pour chien, chat, cheval et petits mammif\u00e8res aux actifs naturels","article_publisher":"https:\/\/www.facebook.com\/DermoscentOFFICIAL","article_modified_time":"2024-10-09T13:43:36+00:00","twitter_card":"summary_large_image","twitter_misc":{"Est. reading time":"1 minute"},"schema":{"@context":"https:\/\/schema.org","@graph":[{"@type":"WebPage","@id":"https:\/\/www.dermoscent.com\/accueil\/en\/inscription\/","url":"https:\/\/www.dermoscent.com\/accueil\/en\/inscription\/","name":"Registration to the veterinary corner - DERMOSCENT\u00ae, skincare for dogs, cats, horses & small mammals with natural ingredients","isPartOf":{"@id":"https:\/\/www.dermoscent.com\/accueil\/en\/#website"},"datePublished":"2021-10-07T08:09:08+00:00","dateModified":"2024-10-09T13:43:36+00:00","breadcrumb":{"@id":"https:\/\/www.dermoscent.com\/accueil\/en\/inscription\/#breadcrumb"},"inLanguage":"en-US","potentialAction":[{"@type":"ReadAction","target":["https:\/\/www.dermoscent.com\/accueil\/en\/inscription\/"]}]},{"@type":"BreadcrumbList","@id":"https:\/\/www.dermoscent.com\/accueil\/en\/inscription\/#breadcrumb","itemListElement":[{"@type":"ListItem","position":1,"name":"Accueil","item":"https:\/\/www.dermoscent.com\/accueil\/en\/"},{"@type":"ListItem","position":2,"name":"Inscription"}]},{"@type":"WebSite","@id":"https:\/\/www.dermoscent.com\/accueil\/en\/#website","url":"https:\/\/www.dermoscent.com\/accueil\/en\/","name":"DERMOSCENT, soins pour chien, chat, cheval et petits mammif\u00e8res aux actifs naturels","description":"DERMOSCENT, une gamme compl\u00e8te et innovante de produits d\u2019hygi\u00e8ne et de soin pour chien, chat, cheval et petits mammif\u00e8res (lapin, furet, cobaye...) aux actifs 100% naturels, conseill\u00e9s par les v\u00e9t\u00e9rinaires","publisher":{"@id":"https:\/\/www.dermoscent.com\/accueil\/en\/#organization"},"potentialAction":[{"@type":"SearchAction","target":{"@type":"EntryPoint","urlTemplate":"https:\/\/www.dermoscent.com\/accueil\/en\/?s={search_term_string}"},"query-input":{"@type":"PropertyValueSpecification","valueRequired":true,"valueName":"search_term_string"}}],"inLanguage":"en-US"},{"@type":"Organization","@id":"https:\/\/www.dermoscent.com\/accueil\/en\/#organization","name":"Dermoscent","url":"https:\/\/www.dermoscent.com\/accueil\/en\/","logo":{"@type":"ImageObject","inLanguage":"en-US","@id":"https:\/\/www.dermoscent.com\/accueil\/en\/#\/schema\/logo\/image\/","url":"https:\/\/www.dermoscent.com\/accueil\/wp-content\/uploads\/2020\/07\/logo-dermoscent.svg","contentUrl":"https:\/\/www.dermoscent.com\/accueil\/wp-content\/uploads\/2020\/07\/logo-dermoscent.svg","width":1,"height":1,"caption":"Dermoscent"},"image":{"@id":"https:\/\/www.dermoscent.com\/accueil\/en\/#\/schema\/logo\/image\/"},"sameAs":["https:\/\/www.facebook.com\/DermoscentOFFICIAL"]}]}},"_links":{"self":[{"href":"https:\/\/www.dermoscent.com\/accueil\/en\/wp-json\/wp\/v2\/pages\/9399"}],"collection":[{"href":"https:\/\/www.dermoscent.com\/accueil\/en\/wp-json\/wp\/v2\/pages"}],"about":[{"href":"https:\/\/www.dermoscent.com\/accueil\/en\/wp-json\/wp\/v2\/types\/page"}],"author":[{"embeddable":true,"href":"https:\/\/www.dermoscent.com\/accueil\/en\/wp-json\/wp\/v2\/users\/14"}],"replies":[{"embeddable":true,"href":"https:\/\/www.dermoscent.com\/accueil\/en\/wp-json\/wp\/v2\/comments?post=9399"}],"version-history":[{"count":43,"href":"https:\/\/www.dermoscent.com\/accueil\/en\/wp-json\/wp\/v2\/pages\/9399\/revisions"}],"predecessor-version":[{"id":34112,"href":"https:\/\/www.dermoscent.com\/accueil\/en\/wp-json\/wp\/v2\/pages\/9399\/revisions\/34112"}],"wp:attachment":[{"href":"https:\/\/www.dermoscent.com\/accueil\/en\/wp-json\/wp\/v2\/media?parent=9399"}],"curies":[{"name":"wp","href":"https:\/\/api.w.org\/{rel}","templated":true}]}}