{"id":10047,"date":"2021-09-28T10:21:23","date_gmt":"2021-09-28T08:21:23","guid":{"rendered":"https:\/\/www.dermoscent.com\/accueil\/forgot-your-password\/"},"modified":"2021-11-22T14:51:07","modified_gmt":"2021-11-22T13:51:07","slug":"forgot-your-password","status":"publish","type":"page","link":"https:\/\/www.dermoscent.com\/accueil\/en\/forgot-your-password\/","title":{"rendered":"Forgot your password"},"content":{"rendered":"\t\t<div data-elementor-type=\"wp-page\" data-elementor-id=\"10047\" class=\"elementor elementor-10047 elementor-8874\" data-elementor-post-type=\"page\">\n\t\t\t\t\t\t<section class=\"has_eae_slider elementor-section elementor-top-section elementor-element elementor-element-d789fca elementor-section-full_width elementor-section-height-min-height elementor-section-height-default elementor-section-items-middle\" data-id=\"d789fca\" data-element_type=\"section\" data-settings=\"{&quot;background_background&quot;:&quot;classic&quot;}\">\n\t\t\t\t\t\t<div class=\"elementor-container elementor-column-gap-default\">\n\t\t\t\t\t<div class=\"has_eae_slider elementor-column elementor-col-100 elementor-top-column elementor-element elementor-element-bcd02b8\" data-id=\"bcd02b8\" data-element_type=\"column\">\n\t\t\t<div class=\"elementor-widget-wrap\">\n\t\t\t\t\t\t\t<\/div>\n\t\t<\/div>\n\t\t\t\t\t<\/div>\n\t\t<\/section>\n\t\t\t\t<section class=\"has_eae_slider elementor-section elementor-top-section elementor-element elementor-element-bdc0b9d elementor-section-boxed elementor-section-height-default elementor-section-height-default\" data-id=\"bdc0b9d\" data-element_type=\"section\">\n\t\t\t\t\t\t<div class=\"elementor-container elementor-column-gap-default\">\n\t\t\t\t\t<div class=\"has_eae_slider elementor-column elementor-col-100 elementor-top-column elementor-element elementor-element-939a5bd\" data-id=\"939a5bd\" data-element_type=\"column\">\n\t\t\t<div class=\"elementor-widget-wrap elementor-element-populated\">\n\t\t\t\t\t\t<div class=\"elementor-element elementor-element-e9ff2b8 elementor-widget elementor-widget-heading\" data-id=\"e9ff2b8\" data-element_type=\"widget\" data-widget_type=\"heading.default\">\n\t\t\t\t<div class=\"elementor-widget-container\">\n\t\t\t\t\t<h1 class=\"elementor-heading-title elementor-size-default\">Forgot your password<\/h1>\t\t\t\t<\/div>\n\t\t\t\t<\/div>\n\t\t\t\t<section class=\"has_eae_slider elementor-section elementor-inner-section elementor-element elementor-element-ed7ac12 elementor-section-boxed elementor-section-height-default elementor-section-height-default\" data-id=\"ed7ac12\" data-element_type=\"section\">\n\t\t\t\t\t\t<div class=\"elementor-container elementor-column-gap-default\">\n\t\t\t\t\t<div class=\"has_eae_slider elementor-column elementor-col-100 elementor-inner-column elementor-element elementor-element-1cef143\" data-id=\"1cef143\" data-element_type=\"column\">\n\t\t\t<div class=\"elementor-widget-wrap elementor-element-populated\">\n\t\t\t\t\t\t<div class=\"elementor-element elementor-element-530c747 elementor-widget elementor-widget-shortcode\" data-id=\"530c747\" data-element_type=\"widget\" data-widget_type=\"shortcode.default\">\n\t\t\t\t<div class=\"elementor-widget-container\">\n\t\t\t\t\t\t\t<div class=\"elementor-shortcode\"><div class=\"wppb_holder\" id=\"wppb-recover-password-container\">\t<form enctype=\"multipart\/form-data\" method=\"post\" id=\"wppb-recover-password\" class=\"wppb-user-forms\" action=\"https:\/\/www.dermoscent.com\/accueil\/en\/wp-json\/wp\/v2\/pages\/10047\">\r\n\t<p>Please enter your email address.<br \/>You will receive a link to create a new password via email.<\/p><ul>\r\n\t\t\t<li class=\"wppb-form-field wppb-username-email\">\r\n\t\t\t\t<label for=\"username_email\">Email<\/label>\r\n\t\t\t\t<input class=\"text-input\" name=\"username_email\" type=\"text\" id=\"username_email\" value=\"\"  \/>\r\n\t\t\t<\/li><!-- .username_email --><\/ul>\t<p class=\"form-submit\">\r\n\t\t\t\t<input name=\"recover_password\" type=\"submit\" id=\"wppb-recover-password-button\" class=\"submit button\" value=\"Get New Password\" \/>\r\n\t\t<input name=\"action\" type=\"hidden\" id=\"action\" value=\"recover_password\" \/>\r\n\t<\/p>\r\n\t<input type=\"hidden\" id=\"password_recovery_nonce_field\" name=\"password_recovery_nonce_field\" value=\"d4f1d7068b\" \/><input type=\"hidden\" name=\"_wp_http_referer\" value=\"\/accueil\/en\/wp-json\/wp\/v2\/pages\/10047\" \/>\t<\/form>\r\n\t<\/div><\/div>\n\t\t\t\t\t\t<\/div>\n\t\t\t\t<\/div>\n\t\t\t\t\t<\/div>\n\t\t<\/div>\n\t\t\t\t\t<\/div>\n\t\t<\/section>\n\t\t\t\t\t<\/div>\n\t\t<\/div>\n\t\t\t\t\t<\/div>\n\t\t<\/section>\n\t\t\t\t<\/div>\n\t\t","protected":false},"excerpt":{"rendered":"<p>Forgot your password<\/p>\n","protected":false},"author":14,"featured_media":0,"parent":0,"menu_order":0,"comment_status":"closed","ping_status":"closed","template":"","meta":{"inline_featured_image":false,"footnotes":""},"class_list":["post-10047","page","type-page","status-publish","hentry","entry"],"yoast_head":"<!-- This site is optimized with the Yoast SEO plugin v24.1 - https:\/\/yoast.com\/wordpress\/plugins\/seo\/ -->\n<title>Forgot your password - DERMOSCENT, soins pour chien, chat, cheval et petits mammif\u00e8res aux actifs naturels<\/title>\n<meta name=\"robots\" content=\"index, follow, max-snippet:-1, max-image-preview:large, max-video-preview:-1\" \/>\n<link rel=\"canonical\" href=\"https:\/\/www.dermoscent.com\/accueil\/en\/forgot-your-password\/\" \/>\n<meta property=\"og:locale\" content=\"en_US\" \/>\n<meta property=\"og:type\" content=\"article\" \/>\n<meta property=\"og:title\" content=\"Forgot your password - DERMOSCENT, soins pour chien, chat, cheval et petits mammif\u00e8res aux actifs naturels\" \/>\n<meta property=\"og:description\" content=\"Forgot your password\" \/>\n<meta property=\"og:url\" content=\"https:\/\/www.dermoscent.com\/accueil\/en\/forgot-your-password\/\" \/>\n<meta property=\"og:site_name\" content=\"DERMOSCENT, soins pour chien, chat, cheval et petits mammif\u00e8res aux actifs naturels\" \/>\n<meta property=\"article:publisher\" content=\"https:\/\/www.facebook.com\/DermoscentOFFICIAL\" \/>\n<meta property=\"article:modified_time\" content=\"2021-11-22T13:51:07+00:00\" \/>\n<meta name=\"twitter:card\" content=\"summary_large_image\" \/>\n<script type=\"application\/ld+json\" class=\"yoast-schema-graph\">{\"@context\":\"https:\/\/schema.org\",\"@graph\":[{\"@type\":\"WebPage\",\"@id\":\"https:\/\/www.dermoscent.com\/accueil\/en\/forgot-your-password\/\",\"url\":\"https:\/\/www.dermoscent.com\/accueil\/en\/forgot-your-password\/\",\"name\":\"Forgot your password - DERMOSCENT, soins pour chien, chat, cheval et petits mammif\u00e8res aux actifs naturels\",\"isPartOf\":{\"@id\":\"https:\/\/www.dermoscent.com\/accueil\/en\/#website\"},\"datePublished\":\"2021-09-28T08:21:23+00:00\",\"dateModified\":\"2021-11-22T13:51:07+00:00\",\"breadcrumb\":{\"@id\":\"https:\/\/www.dermoscent.com\/accueil\/en\/forgot-your-password\/#breadcrumb\"},\"inLanguage\":\"en-US\",\"potentialAction\":[{\"@type\":\"ReadAction\",\"target\":[\"https:\/\/www.dermoscent.com\/accueil\/en\/forgot-your-password\/\"]}]},{\"@type\":\"BreadcrumbList\",\"@id\":\"https:\/\/www.dermoscent.com\/accueil\/en\/forgot-your-password\/#breadcrumb\",\"itemListElement\":[{\"@type\":\"ListItem\",\"position\":1,\"name\":\"Accueil\",\"item\":\"https:\/\/www.dermoscent.com\/accueil\/en\/\"},{\"@type\":\"ListItem\",\"position\":2,\"name\":\"Forgot your password\"}]},{\"@type\":\"WebSite\",\"@id\":\"https:\/\/www.dermoscent.com\/accueil\/en\/#website\",\"url\":\"https:\/\/www.dermoscent.com\/accueil\/en\/\",\"name\":\"DERMOSCENT, soins pour chien, chat, cheval et petits mammif\u00e8res aux actifs naturels\",\"description\":\"DERMOSCENT, une gamme compl\u00e8te et innovante de produits d\u2019hygi\u00e8ne et de soin pour chien, chat, cheval et petits mammif\u00e8res (lapin, furet, cobaye...) aux actifs 100% naturels, conseill\u00e9s par les v\u00e9t\u00e9rinaires\",\"publisher\":{\"@id\":\"https:\/\/www.dermoscent.com\/accueil\/en\/#organization\"},\"potentialAction\":[{\"@type\":\"SearchAction\",\"target\":{\"@type\":\"EntryPoint\",\"urlTemplate\":\"https:\/\/www.dermoscent.com\/accueil\/en\/?s={search_term_string}\"},\"query-input\":{\"@type\":\"PropertyValueSpecification\",\"valueRequired\":true,\"valueName\":\"search_term_string\"}}],\"inLanguage\":\"en-US\"},{\"@type\":\"Organization\",\"@id\":\"https:\/\/www.dermoscent.com\/accueil\/en\/#organization\",\"name\":\"Dermoscent\",\"url\":\"https:\/\/www.dermoscent.com\/accueil\/en\/\",\"logo\":{\"@type\":\"ImageObject\",\"inLanguage\":\"en-US\",\"@id\":\"https:\/\/www.dermoscent.com\/accueil\/en\/#\/schema\/logo\/image\/\",\"url\":\"https:\/\/www.dermoscent.com\/accueil\/wp-content\/uploads\/2020\/07\/logo-dermoscent.svg\",\"contentUrl\":\"https:\/\/www.dermoscent.com\/accueil\/wp-content\/uploads\/2020\/07\/logo-dermoscent.svg\",\"width\":1,\"height\":1,\"caption\":\"Dermoscent\"},\"image\":{\"@id\":\"https:\/\/www.dermoscent.com\/accueil\/en\/#\/schema\/logo\/image\/\"},\"sameAs\":[\"https:\/\/www.facebook.com\/DermoscentOFFICIAL\"]}]}<\/script>\n<!-- \/ Yoast SEO plugin. -->","yoast_head_json":{"title":"Forgot your password - DERMOSCENT, soins pour chien, chat, cheval et petits mammif\u00e8res aux actifs naturels","robots":{"index":"index","follow":"follow","max-snippet":"max-snippet:-1","max-image-preview":"max-image-preview:large","max-video-preview":"max-video-preview:-1"},"canonical":"https:\/\/www.dermoscent.com\/accueil\/en\/forgot-your-password\/","og_locale":"en_US","og_type":"article","og_title":"Forgot your password - DERMOSCENT, soins pour chien, chat, cheval et petits mammif\u00e8res aux actifs naturels","og_description":"Forgot your password","og_url":"https:\/\/www.dermoscent.com\/accueil\/en\/forgot-your-password\/","og_site_name":"DERMOSCENT, soins pour chien, chat, cheval et petits mammif\u00e8res aux actifs naturels","article_publisher":"https:\/\/www.facebook.com\/DermoscentOFFICIAL","article_modified_time":"2021-11-22T13:51:07+00:00","twitter_card":"summary_large_image","schema":{"@context":"https:\/\/schema.org","@graph":[{"@type":"WebPage","@id":"https:\/\/www.dermoscent.com\/accueil\/en\/forgot-your-password\/","url":"https:\/\/www.dermoscent.com\/accueil\/en\/forgot-your-password\/","name":"Forgot your password - DERMOSCENT, soins pour chien, chat, cheval et petits mammif\u00e8res aux actifs naturels","isPartOf":{"@id":"https:\/\/www.dermoscent.com\/accueil\/en\/#website"},"datePublished":"2021-09-28T08:21:23+00:00","dateModified":"2021-11-22T13:51:07+00:00","breadcrumb":{"@id":"https:\/\/www.dermoscent.com\/accueil\/en\/forgot-your-password\/#breadcrumb"},"inLanguage":"en-US","potentialAction":[{"@type":"ReadAction","target":["https:\/\/www.dermoscent.com\/accueil\/en\/forgot-your-password\/"]}]},{"@type":"BreadcrumbList","@id":"https:\/\/www.dermoscent.com\/accueil\/en\/forgot-your-password\/#breadcrumb","itemListElement":[{"@type":"ListItem","position":1,"name":"Accueil","item":"https:\/\/www.dermoscent.com\/accueil\/en\/"},{"@type":"ListItem","position":2,"name":"Forgot your password"}]},{"@type":"WebSite","@id":"https:\/\/www.dermoscent.com\/accueil\/en\/#website","url":"https:\/\/www.dermoscent.com\/accueil\/en\/","name":"DERMOSCENT, soins pour chien, chat, cheval et petits mammif\u00e8res aux actifs naturels","description":"DERMOSCENT, une gamme compl\u00e8te et innovante de produits d\u2019hygi\u00e8ne et de soin pour chien, chat, cheval et petits mammif\u00e8res (lapin, furet, cobaye...) aux actifs 100% naturels, conseill\u00e9s par les v\u00e9t\u00e9rinaires","publisher":{"@id":"https:\/\/www.dermoscent.com\/accueil\/en\/#organization"},"potentialAction":[{"@type":"SearchAction","target":{"@type":"EntryPoint","urlTemplate":"https:\/\/www.dermoscent.com\/accueil\/en\/?s={search_term_string}"},"query-input":{"@type":"PropertyValueSpecification","valueRequired":true,"valueName":"search_term_string"}}],"inLanguage":"en-US"},{"@type":"Organization","@id":"https:\/\/www.dermoscent.com\/accueil\/en\/#organization","name":"Dermoscent","url":"https:\/\/www.dermoscent.com\/accueil\/en\/","logo":{"@type":"ImageObject","inLanguage":"en-US","@id":"https:\/\/www.dermoscent.com\/accueil\/en\/#\/schema\/logo\/image\/","url":"https:\/\/www.dermoscent.com\/accueil\/wp-content\/uploads\/2020\/07\/logo-dermoscent.svg","contentUrl":"https:\/\/www.dermoscent.com\/accueil\/wp-content\/uploads\/2020\/07\/logo-dermoscent.svg","width":1,"height":1,"caption":"Dermoscent"},"image":{"@id":"https:\/\/www.dermoscent.com\/accueil\/en\/#\/schema\/logo\/image\/"},"sameAs":["https:\/\/www.facebook.com\/DermoscentOFFICIAL"]}]}},"_links":{"self":[{"href":"https:\/\/www.dermoscent.com\/accueil\/en\/wp-json\/wp\/v2\/pages\/10047"}],"collection":[{"href":"https:\/\/www.dermoscent.com\/accueil\/en\/wp-json\/wp\/v2\/pages"}],"about":[{"href":"https:\/\/www.dermoscent.com\/accueil\/en\/wp-json\/wp\/v2\/types\/page"}],"author":[{"embeddable":true,"href":"https:\/\/www.dermoscent.com\/accueil\/en\/wp-json\/wp\/v2\/users\/14"}],"replies":[{"embeddable":true,"href":"https:\/\/www.dermoscent.com\/accueil\/en\/wp-json\/wp\/v2\/comments?post=10047"}],"version-history":[{"count":3,"href":"https:\/\/www.dermoscent.com\/accueil\/en\/wp-json\/wp\/v2\/pages\/10047\/revisions"}],"predecessor-version":[{"id":10050,"href":"https:\/\/www.dermoscent.com\/accueil\/en\/wp-json\/wp\/v2\/pages\/10047\/revisions\/10050"}],"wp:attachment":[{"href":"https:\/\/www.dermoscent.com\/accueil\/en\/wp-json\/wp\/v2\/media?parent=10047"}],"curies":[{"name":"wp","href":"https:\/\/api.w.org\/{rel}","templated":true}]}}